{"id":954,"date":"2024-11-27T03:10:39","date_gmt":"2024-11-27T02:10:39","guid":{"rendered":"https:\/\/www.winklgut.it\/dsgvo\/"},"modified":"2025-01-07T12:14:00","modified_gmt":"2025-01-07T11:14:00","slug":"dsgvo","status":"publish","type":"page","link":"https:\/\/www.winklgut.it\/it\/dsgvo\/","title":{"rendered":"DSGVO"},"content":{"rendered":"<p>Per gestire i cookie e le tecnologie simili utilizzate (pixel di tracciamento, segnalatore web, ecc.) e i relativi consensi, utilizziamo lo strumento di consenso &#8220;Real Cookie Banner&#8221;. I dettagli sul funzionamento di &#8220;Real Cookie Banner&#8221; sono disponibili all&#8217;indirizzo <a href=\"https:\/\/devowl.io\/rcb\/data-processing\/\" target=\"_blank\" rel=\"noopener noreferrer\">https:\/\/devowl.io\/rcb\/data-processing\/<\/a>.<\/p>\n<p>Le basi legali per il trattamento dei dati personali in questo contesto sono l&#8217;Art. 6 (1) (c) GDPR e Art. 6 (1) (f) GDPR. Il nostro legittimo interesse \u00e8 la gestione dei cookie e delle tecnologie simili utilizzate e i relativi consensi.<\/p>\n<p>La fornitura di dati personali non \u00e8 richiesta contrattualmente n\u00e9 necessaria per la conclusione di un contratto. Lei non \u00e8 obbligato a fornire i dati personali. Se non fornisce i dati personali, non saremo in grado di gestire i suoi consensi.<\/p>\n<p>&nbsp;<\/p>\n<button  href=\"#consent-change\" role=\"button\" id=\"rcb-sc-link-change\" data-success-message=\"\" class=\"rcb-sc-link rcb-sc-link-change \">Modificare le impostazioni della privacy<\/button>\n<button  href=\"#consent-history\" role=\"button\" id=\"rcb-sc-link-history\" data-success-message=\"\" class=\"rcb-sc-link rcb-sc-link-history \">Cronologia delle impostazioni sulla privacy<\/button>\n<button  href=\"#consent-revoke\" role=\"button\" id=\"rcb-sc-link-revoke\" data-success-message=\"Lei ha revocato con successo il consenso per i servizi con i suoi cookie e il trattamento dei dati personali. La pagina verr\u00e0 ricaricata ora!\" class=\"rcb-sc-link rcb-sc-link-revoke \">Revocare i consensi<\/button>\n","protected":false},"excerpt":{"rendered":"<p>Per gestire i cookie e le tecnologie simili utilizzate (pixel di tracciamento, segnalatore web, ecc.) e i relativi consensi, utilizziamo lo strumento di consenso &#8220;Real Cookie Banner&#8221;. I dettagli sul funzionamento di &#8220;Real Cookie Banner&#8221; sono disponibili all&#8217;indirizzo https:\/\/devowl.io\/rcb\/data-processing\/. Le basi legali per il trattamento dei dati personali in questo contesto sono l&#8217;Art. 6 (1) [&hellip;]<\/p>\n","protected":false},"author":1,"featured_media":0,"parent":0,"menu_order":12,"comment_status":"closed","ping_status":"closed","template":"template-dsgvo.php","meta":{"_acf_changed":false,"inline_featured_image":false,"footnotes":""},"class_list":["post-954","page","type-page","status-publish","hentry"],"acf":[],"yoast_head":"<!-- This site is optimized with the Yoast SEO plugin v25.3 - https:\/\/yoast.com\/wordpress\/plugins\/seo\/ -->\n<title>DSGVO - Winklgut<\/title>\n<meta name=\"robots\" content=\"index, follow, max-snippet:-1, max-image-preview:large, max-video-preview:-1\" \/>\n<link rel=\"canonical\" href=\"https:\/\/www.winklgut.it\/it\/dsgvo\/\" \/>\n<meta property=\"og:locale\" content=\"it_IT\" \/>\n<meta property=\"og:type\" content=\"article\" \/>\n<meta property=\"og:title\" content=\"DSGVO - Winklgut\" \/>\n<meta property=\"og:description\" content=\"Per gestire i cookie e le tecnologie simili utilizzate (pixel di tracciamento, segnalatore web, ecc.) e i relativi consensi, utilizziamo lo strumento di consenso &#8220;Real Cookie Banner&#8221;. I dettagli sul funzionamento di &#8220;Real Cookie Banner&#8221; sono disponibili all&#8217;indirizzo https:\/\/devowl.io\/rcb\/data-processing\/. Le basi legali per il trattamento dei dati personali in questo contesto sono l&#8217;Art. 6 (1) [&hellip;]\" \/>\n<meta property=\"og:url\" content=\"https:\/\/www.winklgut.it\/it\/dsgvo\/\" \/>\n<meta property=\"og:site_name\" content=\"Winklgut\" \/>\n<meta property=\"article:modified_time\" content=\"2025-01-07T11:14:00+00:00\" \/>\n<meta name=\"twitter:card\" content=\"summary_large_image\" \/>\n<meta name=\"twitter:label1\" content=\"Tempo di lettura stimato\" \/>\n\t<meta name=\"twitter:data1\" content=\"1 minuto\" \/>\n<script type=\"application\/ld+json\" class=\"yoast-schema-graph\">{\"@context\":\"https:\/\/schema.org\",\"@graph\":[{\"@type\":\"WebPage\",\"@id\":\"https:\/\/www.winklgut.it\/it\/dsgvo\/\",\"url\":\"https:\/\/www.winklgut.it\/it\/dsgvo\/\",\"name\":\"DSGVO - Winklgut\",\"isPartOf\":{\"@id\":\"https:\/\/www.winklgut.it\/it\/#website\"},\"datePublished\":\"2024-11-27T02:10:39+00:00\",\"dateModified\":\"2025-01-07T11:14:00+00:00\",\"breadcrumb\":{\"@id\":\"https:\/\/www.winklgut.it\/it\/dsgvo\/#breadcrumb\"},\"inLanguage\":\"it-IT\",\"potentialAction\":[{\"@type\":\"ReadAction\",\"target\":[\"https:\/\/www.winklgut.it\/it\/dsgvo\/\"]}]},{\"@type\":\"BreadcrumbList\",\"@id\":\"https:\/\/www.winklgut.it\/it\/dsgvo\/#breadcrumb\",\"itemListElement\":[{\"@type\":\"ListItem\",\"position\":1,\"name\":\"Startseite\",\"item\":\"https:\/\/www.winklgut.it\/it\/\"},{\"@type\":\"ListItem\",\"position\":2,\"name\":\"DSGVO\"}]},{\"@type\":\"WebSite\",\"@id\":\"https:\/\/www.winklgut.it\/it\/#website\",\"url\":\"https:\/\/www.winklgut.it\/it\/\",\"name\":\"Winklgut\",\"description\":\"Wohnungen\",\"potentialAction\":[{\"@type\":\"SearchAction\",\"target\":{\"@type\":\"EntryPoint\",\"urlTemplate\":\"https:\/\/www.winklgut.it\/it\/?s={search_term_string}\"},\"query-input\":{\"@type\":\"PropertyValueSpecification\",\"valueRequired\":true,\"valueName\":\"search_term_string\"}}],\"inLanguage\":\"it-IT\"}]}<\/script>\n<!-- \/ Yoast SEO plugin. -->","yoast_head_json":{"title":"DSGVO - Winklgut","robots":{"index":"index","follow":"follow","max-snippet":"max-snippet:-1","max-image-preview":"max-image-preview:large","max-video-preview":"max-video-preview:-1"},"canonical":"https:\/\/www.winklgut.it\/it\/dsgvo\/","og_locale":"it_IT","og_type":"article","og_title":"DSGVO - Winklgut","og_description":"Per gestire i cookie e le tecnologie simili utilizzate (pixel di tracciamento, segnalatore web, ecc.) e i relativi consensi, utilizziamo lo strumento di consenso &#8220;Real Cookie Banner&#8221;. I dettagli sul funzionamento di &#8220;Real Cookie Banner&#8221; sono disponibili all&#8217;indirizzo https:\/\/devowl.io\/rcb\/data-processing\/. Le basi legali per il trattamento dei dati personali in questo contesto sono l&#8217;Art. 6 (1) [&hellip;]","og_url":"https:\/\/www.winklgut.it\/it\/dsgvo\/","og_site_name":"Winklgut","article_modified_time":"2025-01-07T11:14:00+00:00","twitter_card":"summary_large_image","twitter_misc":{"Tempo di lettura stimato":"1 minuto"},"schema":{"@context":"https:\/\/schema.org","@graph":[{"@type":"WebPage","@id":"https:\/\/www.winklgut.it\/it\/dsgvo\/","url":"https:\/\/www.winklgut.it\/it\/dsgvo\/","name":"DSGVO - Winklgut","isPartOf":{"@id":"https:\/\/www.winklgut.it\/it\/#website"},"datePublished":"2024-11-27T02:10:39+00:00","dateModified":"2025-01-07T11:14:00+00:00","breadcrumb":{"@id":"https:\/\/www.winklgut.it\/it\/dsgvo\/#breadcrumb"},"inLanguage":"it-IT","potentialAction":[{"@type":"ReadAction","target":["https:\/\/www.winklgut.it\/it\/dsgvo\/"]}]},{"@type":"BreadcrumbList","@id":"https:\/\/www.winklgut.it\/it\/dsgvo\/#breadcrumb","itemListElement":[{"@type":"ListItem","position":1,"name":"Startseite","item":"https:\/\/www.winklgut.it\/it\/"},{"@type":"ListItem","position":2,"name":"DSGVO"}]},{"@type":"WebSite","@id":"https:\/\/www.winklgut.it\/it\/#website","url":"https:\/\/www.winklgut.it\/it\/","name":"Winklgut","description":"Wohnungen","potentialAction":[{"@type":"SearchAction","target":{"@type":"EntryPoint","urlTemplate":"https:\/\/www.winklgut.it\/it\/?s={search_term_string}"},"query-input":{"@type":"PropertyValueSpecification","valueRequired":true,"valueName":"search_term_string"}}],"inLanguage":"it-IT"}]}},"_links":{"self":[{"href":"https:\/\/www.winklgut.it\/it\/wp-json\/wp\/v2\/pages\/954","targetHints":{"allow":["GET"]}}],"collection":[{"href":"https:\/\/www.winklgut.it\/it\/wp-json\/wp\/v2\/pages"}],"about":[{"href":"https:\/\/www.winklgut.it\/it\/wp-json\/wp\/v2\/types\/page"}],"author":[{"embeddable":true,"href":"https:\/\/www.winklgut.it\/it\/wp-json\/wp\/v2\/users\/1"}],"replies":[{"embeddable":true,"href":"https:\/\/www.winklgut.it\/it\/wp-json\/wp\/v2\/comments?post=954"}],"version-history":[{"count":3,"href":"https:\/\/www.winklgut.it\/it\/wp-json\/wp\/v2\/pages\/954\/revisions"}],"predecessor-version":[{"id":1011,"href":"https:\/\/www.winklgut.it\/it\/wp-json\/wp\/v2\/pages\/954\/revisions\/1011"}],"wp:attachment":[{"href":"https:\/\/www.winklgut.it\/it\/wp-json\/wp\/v2\/media?parent=954"}],"curies":[{"name":"wp","href":"https:\/\/api.w.org\/{rel}","templated":true}]}}